{"id":3,"date":"2025-11-05T08:12:03","date_gmt":"2025-11-05T08:12:03","guid":{"rendered":"https:\/\/dolcipersonalizzati.com\/?page_id=3"},"modified":"2025-11-09T21:28:40","modified_gmt":"2025-11-09T21:28:40","slug":"privacy-policy","status":"publish","type":"page","link":"https:\/\/dolcipersonalizzati.com\/index.php\/privacy-policy\/","title":{"rendered":"Privacy Policy"},"content":{"rendered":"\n<h2 class=\"wp-block-heading\"><strong>Informativa sul trattamento di dati personali ai sensi del Regolamento (UE) 2016\/679 del Parlamento europeo e del Consiglio del 27 aprile 2016 (GDPR). In vigore dal 06\/01\/2023<\/strong><\/h2>\n\n\n\n<p><strong>PREMESSA<\/strong><\/p>\n\n\n\n<p>La presente informativa tiene conto di quanto indicato dal GDPR e dal Codice della Privacy (D. Lgs 30 giugno 2003 n. 196). Il documento \u00e8 stato redatto anche in base alle Linee Guida del Garante Privacy (soprattutto le Linee Guida di contrasto allo spam emesse dl Garante Privacy il 4 luglio 2013).<\/p>\n\n\n\n<p><strong>Titolare del Trattamento<\/strong>: Con Noi Management srls, Corso Italia 261, Sorrento (NA) &#8211; Italia, P.IVA &nbsp;08427591212 &#8211;&nbsp;<a href=\"mailto:info@sorrentowithlove.com\">info@dolcipersonalizzati.com<\/a><\/p>\n\n\n\n<p>Sito al quale si riferisce la presente privacy policy: https:\/\/www.dolcipersonalizzati.com<\/p>\n\n\n\n<p>Il Titolare del Trattamento non ha nominato un DPO (Data Protection Officer). Pertanto, Lei pu\u00f2 inviare qualsiasi richiesta di informazioni direttamente al Titolare del Trattamento.<\/p>\n\n\n\n<p><strong>INFORMAZIONI GENERALI<\/strong><\/p>\n\n\n\n<p>Il presente documento descrive come il Titolare del Trattamento tratta i Suoi dati personali conferiti sul Sito.<\/p>\n\n\n\n<p>Di seguito vengono descritti i principali trattamenti dei Suoi dati personali. Viene in particolare spiegata la base giuridica del trattamento, se il conferimento \u00e8 obbligatorio e le conseguenze del mancato conferimento di dati personali. Per descrivere al meglio i Suoi diritti, qualora necessario, abbiamo specificato se e quando un determinato trattamento di dati personali non viene effettuato.Sul Sito Lei ha la possibilit\u00e0 di inserire dati personali di terzi soggetti. In questo caso Lei garantisce di aver ottenuto il consenso d parte di questi soggetti all&#8217;inserimento di questi dati personali. Pertanto, Lei si impegna a manlevare e tenere indenne il Titolare del Trattamento da qualsiasi responsabilit\u00e0.<\/p>\n\n\n\n<p><strong>Registrazione sul Sito<\/strong><\/p>\n\n\n\n<p>Le informazioni e i dati richiesti in caso di registrazione verranno utilizzati per consentirLe sia di accedere all\u2019area riservata del Sito, sia di usufruire dei servizi on line offerti dal Titolare del Trattamento agli utenti registrati. La base giuridica del trattamento \u00e8 la necessit\u00e0 del Titolare del Trattamento di eseguire misure precontrattuali adottate su richiesta dell&#8217;interessato. Il conferimento dei dati \u00e8 facoltativo. Tuttavia, il Suo eventuale rifiuto di conferire i dati comporter\u00e0 l\u2019impossibilit\u00e0 di registrarsi sul Sito.<\/p>\n\n\n\n<p><strong>Acquisti sul Sito<\/strong><\/p>\n\n\n\n<p>I Suoi dati personali verranno trattati per permetterLe di effettuare acquisti sul Sito. Nel caso di effettuazione di un ordine di acquisto online, per consentire la conclusione del contratto di acquisto e la corretta esecuzione delle operazioni connesse al medesimo (e, qualora necessario in base alla normativa di settore, per assolvere agli obblighi fiscali). La base giuridica del trattamento \u00e8 l&#8217;obbligo del Titolare del Trattamento di eseguire il contratto con l&#8217;interessato oppure di adempiere ad obblighi di legge. A prescindere da quanto sopra (e quindi dal Suo consenso), il Titolare del Trattamento potr\u00e0 trattare i suoi dati finalit\u00e0 di c.d. &#8220;soft-spam&#8221;, disciplinato dall&#8217;art. 130 del Codice della Privacy. Questo significa che limitatamente alla email da Lei fornita nel contesto di un acquisto tramite il Sito, il Titolare del Trattamento tratter\u00e0 l&#8217;email per consentire l\u2019offerta diretta da parte di prodotti\/servizi analoghi, sempre che Lei non si opponga a tale trattamento nelle modalit\u00e0 previste dalla presente informativa. La base giuridica del trattamento \u00e8 il legittimo interesse del Titolare del Trattamento ad inviare questo tipo di comunicazioni. Questo legittimo interesse pu\u00f2 ritenersi equivalente all&#8217;interesse dell&#8217;interessato a ricevere comunicazioni di &#8220;soft-spam&#8221;. Il Titolare del Trattamento potr\u00e0 inviare email per ricordare all&#8217;utente di completare un acquisto. La base giuridica di questo trattamento \u00e8 il legittimo interesse del Titolare del Trattamento a inviare questa tipologia di comunicazioni.<\/p>\n\n\n\n<p><strong>Rispondere alle Sue richieste<\/strong><\/p>\n\n\n\n<p>I Suoi dati verranno trattati per rispondere alle Sue richieste di informazioni. Il conferimento \u00e8 facoltativo, ma il Suo rifiuto comporter\u00e0 l\u2019impossibilit\u00e0 per il Titolare del Trattamento di rispondere alle Sue domande. La base giuridica del trattamento \u00e8 il legittimo interesse del Titolare del Trattamento a dare seguito alle richieste dell\u2019utente. Questo legittimo interesse \u00e8 equivalente all&#8217;interesse dell&#8217;utente a ricevere risposta alle comunicazioni inviate al Titolare del Trattamento.<\/p>\n\n\n\n<p><strong>Marketing generico<\/strong><\/p>\n\n\n\n<p>Previo Suo consenso, il Titolare del Trattamento potr\u00e0 trattare i dati personali da Lei conferiti al fine di inviarLe materiale pubblicitario e\/o newsletter relativo a prodotti propri o di terzi. La base giuridica di questo trattamento \u00e8 il Suo consenso. Il conferimento dei dati personali per questa finalit\u00e0 \u00e8 meramente facoltativo. Il mancato assenso al trattamento dei dati per finalit\u00e0 di marketing comporter\u00e0 l\u2019impossibilit\u00e0 per Lei di ricevere materiale pubblicitario relativo a prodotti\/servizi del Titolare del Trattamento e\/o di terzi nonch\u00e9 l&#8217;impossibilit\u00e0 per il Titolare del Trattamento di svolgere indagini di mercato, anche dirette a valutare il grado di soddisfazione degli utenti, nonch\u00e9 di inviarLe newsletter. L&#8217;invio di queste comunicazioni avverr\u00e0 alla e-mail da Lei conferita sul Sito.<\/p>\n\n\n\n<p><strong>Profilazione<\/strong><\/p>\n\n\n\n<p>Il Titolare del Trattamento non effettua &#8220;profilazione&#8221; con i Suoi dati personali. Pertanto, non Le invier\u00e0 materiale pubblicitario e\/o newsletter relativi a prodotti propri o di terzi di Suo specifico interesse.<\/p>\n\n\n\n<p><strong>Cessione dei dati<\/strong><\/p>\n\n\n\n<p>Il Titolare del Trattamento non cede a terzi i Suoi dati personali.<\/p>\n\n\n\n<p><strong>Geolocalizzazione<\/strong><\/p>\n\n\n\n<p>Il Sito non implementa strumenti di geolocalizzazione dell&#8217;indirizzo IP dell&#8217;utente.<\/p>\n\n\n\n<p><strong>Curriculum Vitae<\/strong><\/p>\n\n\n\n<p>Tramite il Sito non \u00e8 possibile inviare curriculum vitae. Pertanto i Suoi dati non verranno trattati per queste finalit\u00e0.<\/p>\n\n\n\n<p><strong>Prenotazione appuntamenti<\/strong><\/p>\n\n\n\n<p>Sul Sito non sono attivi sistemi terzi di prenotazione di appuntamenti con il Titolare del Trattamento. Pertanto, i Suoi dati non verranno trattati per questa finalit\u00e0. Ad ogni modo, Lei pu\u00f2 sempre contattare il Titolare del Trattamento ai contatti indicati in epigrafe.<\/p>\n\n\n\n<p><strong>Comunicazione dei dati personali<\/strong><\/p>\n\n\n\n<p>Nell&#8217;ambito della propria ordinaria attivit\u00e0, il Titolare del Trattamento pu\u00f2 comunicare i Suoi dati personali a determinate categorie di soggetti. All&#8217;articolo 2<strong>&nbsp;<\/strong>Lei pu\u00f2 trovare l&#8217;elenco dei soggetti ai quali il Titolare del Trattamento comunica i Suoi dati personali. Per agevolare la tutela dei Suoi diritti, l&#8217;articolo 2 pu\u00f2 specificare in alcuni casi quando i Suoi dati non vengono comunicati a terzi.<\/p>\n\n\n\n<p>La &#8220;comunicazione&#8221; a terzi del dato personale \u00e8 diversa dalla &#8220;cessione&#8221; (disciplinata al punto che precede). Infatti, nella comunicazione il terzo al quale \u00e8 trasmesso il dato pu\u00f2 usarlo solo per le specifiche finalit\u00e0 descritte nel rapporto con il Titolare del Trattamento. Nella cessione, invece, il terzo diventa Titolare del Trattamento autonomo del dato personale. Inoltre, per cedere i Suoi dati personali a terzi \u00e8 sempre richiesto il Suo consenso.<\/p>\n\n\n\n<p>Fermo quanto precede, resta inteso che il Titolare del Trattamento potr\u00e0 comunque utilizzare i Suoi dati personali per dare corretto adempimento agli obblighi previsti dalle leggi in vigore.<\/p>\n\n\n\n<p><strong>INFORMATIVA PRIVACY SPECIFICA<\/strong><\/p>\n\n\n\n<p><strong>Art. 1 Modalit\u00e0 di trattamento<\/strong><\/p>\n\n\n\n<p>1.1 Il trattamento dei Suoi dati personali sar\u00e0 principalmente effettuato con l\u2019ausilio di mezzi elettronici o comunque automatizzati, secondo le modalit\u00e0 e con gli strumenti idonei a garantirne la sicurezza e la riservatezza in conformit\u00e0 al GDPR. Qualora sia operativo il servizio di chatbot automatico, i Suoi dati personali saranno trattati anche per permettere l\u2019attivazione di questo servizio, attraverso il quale l&#8217;utente pu\u00f2 contattare ed essere contattato del Titolare del Trattamento, previo consenso. La base giuridica \u00e8 il legittimo interesse del Titolare del Trattamento a rispondere alle richieste dell&#8217;utente tramite il servizio di chatbot. Questo legittimo interesse pu\u00f2 ritenersi equivalente all&#8217;interesse dell&#8217;interessato ad utilizzare il servizio di chatbot automatico.<\/p>\n\n\n\n<p>1.2 Le informazioni acquisite e le modalit\u00e0 del trattamento saranno pertinenti e non eccedenti rispetto alla tipologia dei servizi resi. I Suoi dati saranno altres\u00ec gestiti e protetti in ambienti informatici sicuri e adeguati alle circostanze.<\/p>\n\n\n\n<p>1.3 Tramite il Sito non vengono trattati &#8220;dati particolari&#8221;. I dati particolari sono quelli che possono rivelare l&#8217;origine razziale ed etnica, le convinzioni religiose, filosofiche o di altro genere, le opinioni politiche, l&#8217;adesione a partiti, sindacati, associazioni od organizzazioni a carattere religioso, filosofico, politico o sindacale, lo stato di salute e la vita sessuale.<\/p>\n\n\n\n<p>1.4 Tramite il Sito non vengono trattati dati giudiziari.<\/p>\n\n\n\n<p><strong>Art. 2 Comunicazione dei dati personali<\/strong><\/p>\n\n\n\n<p>Il Titolare del Trattamento pu\u00f2 comunicare i Suoi dati personali a categorie determinate di soggetti. Di seguito vengono indicati i soggetti ai quali il Titolare del Trattamento si riserva di comunicare i Suoi dati:<\/p>\n\n\n\n<ul class=\"wp-block-list\">\n<li>Il Titolare del Trattamento pu\u00f2 comunicare i Suoi dati personali a tutti quei soggetti (ivi incluse le Pubbliche Autorit\u00e0) che hanno accesso ai dati personali in forza di provvedimenti normativi o amministrativi.<\/li>\n\n\n\n<li>I Suoi dati personali possono essere comunicati anche a tutti quei soggetti pubblici e\/o privati, persone fisiche e\/o giuridiche (studi di consulenza legale, amministrativa e fiscale, Uffici Giudiziari, Camere di Commercio, Camere ed Uffici del Lavoro, ecc.), qualora la comunicazione risulti necessaria o funzionale al corretto adempimento degli obblighi derivanti dalla legge.<\/li>\n\n\n\n<li>Il Titolare del Trattamento si avvale di dipendenti e\/o collaboratori a qualsiasi titolo. Per il corretto funzionamento del Sito il Titolare del Trattamento pu\u00f2 comunicare i Suoi dati personali a questi dipendenti e\/o collaboratori.<\/li>\n\n\n\n<li>Nella propria ordinaria attivit\u00e0 di gestione del Sito, il Titolare del Trattamento si avvale di societ\u00e0, consulenti o professionisti incaricati dell\u2019installazione, della manutenzione, dell\u2019aggiornamento e, in generale, della gestione degli hardware e software del Titolare del Trattamento o di cui quest&#8217;ultimo si serve per l\u2019erogazione dei propri servizi. Pertanto, solo con riferimento a queste finalit\u00e0, i Suoi dati potranno essere trattati anche da questi soggetti.<\/li>\n\n\n\n<li>Per l&#8217;invio delle proprie comunicazioni il Titolare del Trattamento si avvale di societ\u00e0 esterne incaricate dell\u2019invio di questo tipo di comunicazioni (piattaforme CRM). I Suoi dati personali (in particolare l&#8217;email) potranno quindi essere comunicati a queste societ\u00e0.<\/li>\n\n\n\n<li>Il Titolare del Trattamento non si avvale di societ\u00e0 esterne per prestare il servizio di customer care.<\/li>\n<\/ul>\n\n\n\n<p>Il Titolare si riserva la facolt\u00e0 di modificare il sopra indicato elenco in base alla propria ordinaria operativit\u00e0. Pertanto, Lei \u00e8 invitato ad accedere con regolarit\u00e0 alla presente informativa per controllare a quali soggetti il Titolare del Trattamento comunica i Suoi dati personali.<\/p>\n\n\n\n<p><strong>Art. 3 Conservazione dei dati personali<\/strong><\/p>\n\n\n\n<p>3.1 Il presente articolo descrive per quanto tempo il Titolare del Trattamento si riserva il diritto di conservare i Suoi dati personali.<\/p>\n\n\n\n<ul class=\"wp-block-list\">\n<li>I Suoi dati personali saranno conservati per il solo tempo necessario a garantire la corretta prestazione dei servizi offerti tramite il Sito.<\/li>\n\n\n\n<li>Per finalit\u00e0 di marketing, i dati personali saranno conservati fino alla eventuale revoca del consenso. Per gli utenti inattivi, i dati personali verranno cancellati dopo un anno dall&#8217;invio dell&#8217;ultima email eventualmente visionata.<\/li>\n\n\n\n<li>Per la finalit\u00e0 di eseguire il contratto di vendita, i dati verranno conservati per 10 anni dalla data di ricezione dell&#8217;ordine di acquisto. Ci\u00f2 per permettere al Titolare del Trattamento l&#8217;esercizio del proprio diritto di difesa e per dimostrare di aver correttamente eseguito il contratto.<\/li>\n\n\n\n<li>Come previsto dall&#8217;articolo 2220 del codice civile, le fatture, cos\u00ec come tutte le scritture contabili in generale, vengono conservate per un periodo minimo di dieci anni dalla data di registrazione, cos\u00ec da poter essere presentate in caso di controllo.<\/li>\n\n\n\n<li>Per finalit\u00e0 di customer care, i dati verranno cancellati una volta completato il servizio di assistenza.<\/li>\n<\/ul>\n\n\n\n<p>3.2 Fermo quanto previsto all&#8217;articolo 3.1, il Titolare del Trattamento pu\u00f2 conservare i Suoi dati personali per il tempo richiesto da normative specifiche, come di volta in volta modificate.<\/p>\n\n\n\n<p><strong>Art. 4 Trasferimento dei dati personali<\/strong><\/p>\n\n\n\n<p>4.1 Il Titolare del Trattamento ha sede all&#8217;interno dell&#8217;Unione europea. Pertanto, il trattamento dei Suoi dati \u00e8 sicuro dal punto di vista normativo in quanto disciplinato dal GDPR. Qualora il trasferimento dei Suoi dati personali avvenga in un Paese extra-UE e per il quale la Commissione europea ha espresso un giudizio di adeguatezza, il trasferimento si ritiene in ogni caso sicuro dal punto di vista normativo. Il presente articolo 4.1 indica di volta in volta i Paesi nei quali i Suoi dati personali possono essere eventualmente trasferiti e dove la Commissione europea ha espresso un giudizio di adeguatezza.<\/p>\n\n\n\n<ul class=\"wp-block-list\">\n<li>Si invita pertanto l&#8217;utente ad accedere con regolarit\u00e0 al presente articolo per verificare se il trasferimento dei Suoi dati personali avviene in un Paese con queste caratteristiche.<\/li>\n<\/ul>\n\n\n\n<p>4.2 Fermo quanto indicato all&#8217;articolo 4.1, i Suoi dati possono essere trasferiti anche in Paesi extra-UE e per i quali la Commissione europea non ha espresso un giudizio di adeguatezza. Lei \u00e8 pertanto invitato a visionare con regolarit\u00e0 il presente articolo 4.2 per appurare in quali di questi Paesi i Suoi dati sono eventualmente trasferiti. Per permettere la corretta funzionalit\u00e0 del Sito i Suoi dati personali potranno essere trasferiti in U.S.A.. In questi casi, il Titolare del Trattamento adotter\u00e0 ogni misura contrattuale idonea per garantire un adeguato livello di protezione dei dati personali, incluse, tra le altre, le Clausole Contrattuali Standard approvate dalla Commissione Europea il 4 giugno 2021.<\/p>\n\n\n\n<p>4.3 In questo articolo il Titolare del Trattamento indica i Paesi presso i quali eventualmente dirige in modo specifico la propria attivit\u00e0. Questa circostanza pu\u00f2 implicare l&#8217;applicazione della normativa del Paese di riferimento, unitamente a quella del GDPR.&nbsp;<\/p>\n\n\n\n<ul class=\"wp-block-list\">\n<li>Su richiesta dell&#8217;utente, il Titolare del Trattamento applicher\u00e0 al trattamento dei dati personali la normativa eventualmente pi\u00f9 favorevole prevista dalla legislazione nazionale dell&#8217;utente stesso.<\/li>\n<\/ul>\n\n\n\n<p><strong>Art. 5. Diritti dell&#8217;interessato<\/strong><\/p>\n\n\n\n<p>Ai sensi dell\u2019art. 13 del Regolamento Privacy, il Titolare del Trattamento La informa che Lei ha diritto di:<\/p>\n\n\n\n<ul class=\"wp-block-list\">\n<li>chiedere al Titolare del Trattamento l\u2019accesso ai Suoi dati personali e la rettifica o la cancellazione degli stessi o la limitazione del trattamento che La riguardano o di opporsi al loro trattamento, oltre al diritto alla portabilit\u00e0 dei dati<\/li>\n\n\n\n<li>revocare il consenso in qualsiasi momento senza pregiudicare la liceit\u00e0 del trattamento basata sul consenso prestato prima della revoca<\/li>\n\n\n\n<li>proporre reclamo a un\u2019autorit\u00e0 di controllo (es.: il Garante per la protezione dei dati personali).<\/li>\n<\/ul>\n\n\n\n<p>I diritti di cui sopra potranno essere esercitati con richiesta rivolta senza formalit\u00e0 ai contatti indicati in Premessa.<\/p>\n\n\n\n<p><strong>Art. 6. Modifiche e Miscellanea<\/strong><\/p>\n\n\n\n<p>Il Titolare del Trattamento si riserva il diritto di apportare modifiche alla presente informativa in qualsiasi momento, dandone idonea pubblicit\u00e0 agli utenti del Sito e garantendo in ogni caso una adeguata ed analoga protezione dei dati personali. Al fine di visionare eventuali modifiche, Lei \u00e8 invitato a consultare con regolarit\u00e0 la presente informativa. In caso di modifiche sostanziali alla presente informativa privacy, il Titolare del Trattamento ne potr\u00e0 dare comunicazione anche tramite email.<\/p>\n","protected":false},"excerpt":{"rendered":"<p>Informativa sul trattamento di dati personali ai sensi del Regolamento (UE) 2016\/679 del Parlamento europeo e del Consiglio del 27 aprile 2016 (GDPR). In vigore dal 06\/01\/2023 PREMESSA La presente informativa tiene conto di quanto indicato dal GDPR e dal Codice della Privacy (D. Lgs 30 giugno 2003 n. 196). Il documento \u00e8 stato redatto [&hellip;]<\/p>\n","protected":false},"author":1,"featured_media":0,"parent":0,"menu_order":0,"comment_status":"closed","ping_status":"open","template":"","meta":{"footnotes":""},"class_list":["post-3","page","type-page","status-publish","hentry"],"yoast_head":"<!-- This site is optimized with the Yoast SEO plugin v26.3 - https:\/\/yoast.com\/wordpress\/plugins\/seo\/ -->\n<title>Privacy Policy - Dolci Regali Aziendali<\/title>\n<meta name=\"robots\" content=\"index, follow, max-snippet:-1, max-image-preview:large, max-video-preview:-1\" \/>\n<link rel=\"canonical\" href=\"https:\/\/dolcipersonalizzati.com\/index.php\/privacy-policy\/\" \/>\n<meta property=\"og:locale\" content=\"it_IT\" \/>\n<meta property=\"og:type\" content=\"article\" \/>\n<meta property=\"og:title\" content=\"Privacy Policy - Dolci Regali Aziendali\" \/>\n<meta property=\"og:description\" content=\"Informativa sul trattamento di dati personali ai sensi del Regolamento (UE) 2016\/679 del Parlamento europeo e del Consiglio del 27 aprile 2016 (GDPR). In vigore dal 06\/01\/2023 PREMESSA La presente informativa tiene conto di quanto indicato dal GDPR e dal Codice della Privacy (D. Lgs 30 giugno 2003 n. 196). Il documento \u00e8 stato redatto [&hellip;]\" \/>\n<meta property=\"og:url\" content=\"https:\/\/dolcipersonalizzati.com\/index.php\/privacy-policy\/\" \/>\n<meta property=\"og:site_name\" content=\"Dolci Regali Aziendali\" \/>\n<meta property=\"article:modified_time\" content=\"2025-11-09T21:28:40+00:00\" \/>\n<meta name=\"twitter:card\" content=\"summary_large_image\" \/>\n<meta name=\"twitter:label1\" content=\"Tempo di lettura stimato\" \/>\n\t<meta name=\"twitter:data1\" content=\"13 minuti\" \/>\n<script type=\"application\/ld+json\" class=\"yoast-schema-graph\">{\"@context\":\"https:\/\/schema.org\",\"@graph\":[{\"@type\":\"WebPage\",\"@id\":\"https:\/\/dolcipersonalizzati.com\/index.php\/privacy-policy\/\",\"url\":\"https:\/\/dolcipersonalizzati.com\/index.php\/privacy-policy\/\",\"name\":\"Privacy Policy - Dolci Regali Aziendali\",\"isPartOf\":{\"@id\":\"https:\/\/dolcipersonalizzati.com\/#website\"},\"datePublished\":\"2025-11-05T08:12:03+00:00\",\"dateModified\":\"2025-11-09T21:28:40+00:00\",\"breadcrumb\":{\"@id\":\"https:\/\/dolcipersonalizzati.com\/index.php\/privacy-policy\/#breadcrumb\"},\"inLanguage\":\"it-IT\",\"potentialAction\":[{\"@type\":\"ReadAction\",\"target\":[\"https:\/\/dolcipersonalizzati.com\/index.php\/privacy-policy\/\"]}]},{\"@type\":\"BreadcrumbList\",\"@id\":\"https:\/\/dolcipersonalizzati.com\/index.php\/privacy-policy\/#breadcrumb\",\"itemListElement\":[{\"@type\":\"ListItem\",\"position\":1,\"name\":\"Home\",\"item\":\"https:\/\/dolcipersonalizzati.com\/\"},{\"@type\":\"ListItem\",\"position\":2,\"name\":\"Privacy Policy\"}]},{\"@type\":\"WebSite\",\"@id\":\"https:\/\/dolcipersonalizzati.com\/#website\",\"url\":\"https:\/\/dolcipersonalizzati.com\/\",\"name\":\"Dolci Regali Aziendali\",\"description\":\"\",\"potentialAction\":[{\"@type\":\"SearchAction\",\"target\":{\"@type\":\"EntryPoint\",\"urlTemplate\":\"https:\/\/dolcipersonalizzati.com\/?s={search_term_string}\"},\"query-input\":{\"@type\":\"PropertyValueSpecification\",\"valueRequired\":true,\"valueName\":\"search_term_string\"}}],\"inLanguage\":\"it-IT\"}]}<\/script>\n<!-- \/ Yoast SEO plugin. -->","yoast_head_json":{"title":"Privacy Policy - Dolci Regali Aziendali","robots":{"index":"index","follow":"follow","max-snippet":"max-snippet:-1","max-image-preview":"max-image-preview:large","max-video-preview":"max-video-preview:-1"},"canonical":"https:\/\/dolcipersonalizzati.com\/index.php\/privacy-policy\/","og_locale":"it_IT","og_type":"article","og_title":"Privacy Policy - Dolci Regali Aziendali","og_description":"Informativa sul trattamento di dati personali ai sensi del Regolamento (UE) 2016\/679 del Parlamento europeo e del Consiglio del 27 aprile 2016 (GDPR). In vigore dal 06\/01\/2023 PREMESSA La presente informativa tiene conto di quanto indicato dal GDPR e dal Codice della Privacy (D. Lgs 30 giugno 2003 n. 196). Il documento \u00e8 stato redatto [&hellip;]","og_url":"https:\/\/dolcipersonalizzati.com\/index.php\/privacy-policy\/","og_site_name":"Dolci Regali Aziendali","article_modified_time":"2025-11-09T21:28:40+00:00","twitter_card":"summary_large_image","twitter_misc":{"Tempo di lettura stimato":"13 minuti"},"schema":{"@context":"https:\/\/schema.org","@graph":[{"@type":"WebPage","@id":"https:\/\/dolcipersonalizzati.com\/index.php\/privacy-policy\/","url":"https:\/\/dolcipersonalizzati.com\/index.php\/privacy-policy\/","name":"Privacy Policy - Dolci Regali Aziendali","isPartOf":{"@id":"https:\/\/dolcipersonalizzati.com\/#website"},"datePublished":"2025-11-05T08:12:03+00:00","dateModified":"2025-11-09T21:28:40+00:00","breadcrumb":{"@id":"https:\/\/dolcipersonalizzati.com\/index.php\/privacy-policy\/#breadcrumb"},"inLanguage":"it-IT","potentialAction":[{"@type":"ReadAction","target":["https:\/\/dolcipersonalizzati.com\/index.php\/privacy-policy\/"]}]},{"@type":"BreadcrumbList","@id":"https:\/\/dolcipersonalizzati.com\/index.php\/privacy-policy\/#breadcrumb","itemListElement":[{"@type":"ListItem","position":1,"name":"Home","item":"https:\/\/dolcipersonalizzati.com\/"},{"@type":"ListItem","position":2,"name":"Privacy Policy"}]},{"@type":"WebSite","@id":"https:\/\/dolcipersonalizzati.com\/#website","url":"https:\/\/dolcipersonalizzati.com\/","name":"Dolci Regali Aziendali","description":"","potentialAction":[{"@type":"SearchAction","target":{"@type":"EntryPoint","urlTemplate":"https:\/\/dolcipersonalizzati.com\/?s={search_term_string}"},"query-input":{"@type":"PropertyValueSpecification","valueRequired":true,"valueName":"search_term_string"}}],"inLanguage":"it-IT"}]}},"_links":{"self":[{"href":"https:\/\/dolcipersonalizzati.com\/index.php\/wp-json\/wp\/v2\/pages\/3","targetHints":{"allow":["GET"]}}],"collection":[{"href":"https:\/\/dolcipersonalizzati.com\/index.php\/wp-json\/wp\/v2\/pages"}],"about":[{"href":"https:\/\/dolcipersonalizzati.com\/index.php\/wp-json\/wp\/v2\/types\/page"}],"author":[{"embeddable":true,"href":"https:\/\/dolcipersonalizzati.com\/index.php\/wp-json\/wp\/v2\/users\/1"}],"replies":[{"embeddable":true,"href":"https:\/\/dolcipersonalizzati.com\/index.php\/wp-json\/wp\/v2\/comments?post=3"}],"version-history":[{"count":2,"href":"https:\/\/dolcipersonalizzati.com\/index.php\/wp-json\/wp\/v2\/pages\/3\/revisions"}],"predecessor-version":[{"id":34,"href":"https:\/\/dolcipersonalizzati.com\/index.php\/wp-json\/wp\/v2\/pages\/3\/revisions\/34"}],"wp:attachment":[{"href":"https:\/\/dolcipersonalizzati.com\/index.php\/wp-json\/wp\/v2\/media?parent=3"}],"curies":[{"name":"wp","href":"https:\/\/api.w.org\/{rel}","templated":true}]}}